{"id":28,"date":"2025-10-28T16:50:13","date_gmt":"2025-10-28T15:50:13","guid":{"rendered":"https:\/\/btkujawa.pl\/?page_id=28"},"modified":"2025-10-28T16:50:14","modified_gmt":"2025-10-28T15:50:14","slug":"kontakt","status":"publish","type":"page","link":"https:\/\/btkujawa.pl\/?page_id=28","title":{"rendered":"Kontakt"},"content":{"rendered":"\n<p>W naszym biurze podr\u00f3\u017cy Kujawa stawiamy na&nbsp;kompleksow\u0105 obs\u0142ug\u0119 i&nbsp;pe\u0142ne wsparcie na&nbsp;ka\u017cdym etapie wsp\u00f3\u0142pracy. Dzi\u0119ki do\u015bwiadczeniu i&nbsp;pasji do&nbsp;podr\u00f3\u017cy oferujemy us\u0142ugi na&nbsp;najwy\u017cszym poziomie \u2013 od&nbsp;wyjazd\u00f3w krajowych po&nbsp;zagraniczne, zawsze dopasowane do&nbsp;indywidualnych potrzeb naszych klient\u00f3w.<\/p>\n\n\n\n<p>Zale\u017cy nam na&nbsp;tym, by&nbsp;ka\u017cda podr\u00f3\u017c by\u0142a nie&nbsp;tylko&nbsp;dobrze zorganizowana, ale&nbsp;te\u017c wyj\u0105tkowa. Dlatego zapewniamy profesjonalne doradztwo, elastyczno\u015b\u0107 i&nbsp;szybki kontakt \u2013 mo\u017cesz do&nbsp;nas zadzwoni\u0107, odwiedzi\u0107 biuro w&nbsp;Krzymowie albo&nbsp;po&nbsp;prostu napisa\u0107 wiadomo\u015b\u0107 na&nbsp;Facebooku. Jeste\u015bmy tu, by&nbsp;pom\u00f3c Ci&nbsp;zaplanowa\u0107 wypoczynek, kt\u00f3ry zostanie w&nbsp;pami\u0119ci na&nbsp;d\u0142ugo!<\/p>\n\n\n\n<h2 class=\"wp-block-heading\">Kujawa Biuro Turystyczne Anna Wi\u015bniewska<\/h2>\n\n\n\n<p>ul. G\u0142\u00f3wna 58,<br>62-513 Krzym\u00f3w<\/p>\n","protected":false},"excerpt":{"rendered":"<p>W naszym biurze podr\u00f3\u017cy Kujawa stawiamy na&nbsp;kompleksow\u0105 obs\u0142ug\u0119 i&nbsp;pe\u0142ne wsparcie na&nbsp;ka\u017cdym etapie wsp\u00f3\u0142pracy. Dzi\u0119ki do\u015bwiadczeniu i&nbsp;pasji do&nbsp;podr\u00f3\u017cy oferujemy us\u0142ugi na&nbsp;najwy\u017cszym poziomie \u2013 od&nbsp;wyjazd\u00f3w krajowych po&nbsp;zagraniczne, zawsze dopasowane do&nbsp;indywidualnych potrzeb naszych klient\u00f3w. Zale\u017cy nam na&nbsp;tym, by&nbsp;ka\u017cda podr\u00f3\u017c by\u0142a nie&nbsp;tylko&nbsp;dobrze zorganizowana, ale&nbsp;te\u017c wyj\u0105tkowa. Dlatego zapewniamy profesjonalne doradztwo, elastyczno\u015b\u0107 i&nbsp;szybki kontakt \u2013 mo\u017cesz do&nbsp;nas zadzwoni\u0107, odwiedzi\u0107 biuro w&nbsp;Krzymowie [&hellip;]<\/p>\n","protected":false},"author":1,"featured_media":0,"parent":0,"menu_order":0,"comment_status":"closed","ping_status":"closed","template":"","meta":{"footnotes":""},"class_list":["post-28","page","type-page","status-publish","hentry"],"_links":{"self":[{"href":"https:\/\/btkujawa.pl\/index.php?rest_route=\/wp\/v2\/pages\/28","targetHints":{"allow":["GET"]}}],"collection":[{"href":"https:\/\/btkujawa.pl\/index.php?rest_route=\/wp\/v2\/pages"}],"about":[{"href":"https:\/\/btkujawa.pl\/index.php?rest_route=\/wp\/v2\/types\/page"}],"author":[{"embeddable":true,"href":"https:\/\/btkujawa.pl\/index.php?rest_route=\/wp\/v2\/users\/1"}],"replies":[{"embeddable":true,"href":"https:\/\/btkujawa.pl\/index.php?rest_route=%2Fwp%2Fv2%2Fcomments&post=28"}],"version-history":[{"count":1,"href":"https:\/\/btkujawa.pl\/index.php?rest_route=\/wp\/v2\/pages\/28\/revisions"}],"predecessor-version":[{"id":29,"href":"https:\/\/btkujawa.pl\/index.php?rest_route=\/wp\/v2\/pages\/28\/revisions\/29"}],"wp:attachment":[{"href":"https:\/\/btkujawa.pl\/index.php?rest_route=%2Fwp%2Fv2%2Fmedia&parent=28"}],"curies":[{"name":"wp","href":"https:\/\/api.w.org\/{rel}","templated":true}]}}